{"id":217,"date":"2015-01-09T11:21:42","date_gmt":"2015-01-09T11:21:42","guid":{"rendered":"http:\/\/localhost\/wordpress\/pressroom\/?page_id=217"},"modified":"2025-06-21T09:33:37","modified_gmt":"2025-06-21T09:33:37","slug":"elaqe","status":"publish","type":"page","link":"https:\/\/medeniyyetdunyasi.az\/ru\/elaqe\/","title":{"rendered":"\u041a\u043e\u043d\u0442\u0430\u043a\u0442"},"content":{"rendered":"<section class=\"wpb-content-wrapper\"><p>[vc_row top_margin=&#187;page_margin_top_section&#187;][vc_column]<h4 class=\"box_header\">\u018flaq\u0259<\/h4>[vc_row_inner][vc_column_inner top_margin=&#187;none&#187;]<div class=\"page_margin_top\"><div class=\"item_content clearfix\"><span title=\"\u00dcnvan\" class=\"features_icon envelope animated_element animation-scale\"><\/span><div class=\"text\"><h3>\u00dcnvan<\/h3><p>AZ 1065,<\/p>\n<p>Bak\u0131 \u015f\u0259h\u0259ri,<\/p>\n<p>\u0130n\u015faat\u00e7\u0131lar prospekti 39<\/p><\/div><\/div><\/div>[\/vc_column_inner][\/vc_row_inner][vc_row_inner el_class=&#187;margin_top_10&#8243;][vc_column_inner el_class=&#187;border_top&#187; top_margin=&#187;none&#187;]<div class=\"page_margin_top\"><div class=\"item_content clearfix\"><span title=\"Telefon v\u0259 e-po\u00e7t\" class=\"features_icon mobile animated_element animation-scale\"><\/span><div class=\"text\"><h3>Telefon v\u0259 e-po\u00e7t<\/h3><p>Tel.: (+994 12) 599 00 54 \u2013 (130)<br \/>\nE-mail: journal.admiu@gmail.com<\/p><\/div><\/div><\/div>[\/vc_column_inner][\/vc_row_inner][\/vc_column][\/vc_row][vc_row][vc_column][vc_column_text]<img loading=\"lazy\" decoding=\"async\" class=\"wp-image-1954 aligncenter\" src=\"https:\/\/medeniyyetdunyasi.az\/arxiv\/2024\/10\/ADMIU-LOQO-3-1-300x150.png\" alt=\"\" width=\"174\" height=\"87\" srcset=\"https:\/\/medeniyyetdunyasi.az\/arxiv\/2024\/10\/ADMIU-LOQO-3-1-300x150.png 300w, https:\/\/medeniyyetdunyasi.az\/arxiv\/2024\/10\/ADMIU-LOQO-3-1-1024x513.png 1024w, https:\/\/medeniyyetdunyasi.az\/arxiv\/2024\/10\/ADMIU-LOQO-3-1-768x385.png 768w, https:\/\/medeniyyetdunyasi.az\/arxiv\/2024\/10\/ADMIU-LOQO-3-1-524x261.png 524w, https:\/\/medeniyyetdunyasi.az\/arxiv\/2024\/10\/ADMIU-LOQO-3-1.png 1482w\" sizes=\"auto, (max-width: 174px) 100vw, 174px\" \/>[\/vc_column_text][\/vc_column][\/vc_row][vc_row][vc_column width=&#187;1\/4&#8243;][vc_icon icon_fontawesome=&#187;fab fa-youtube&#187; color=&#187;juicy_pink&#187; link=&#187;url:https%3A%2F%2Fwww.youtube.com%2Fchannel%2FUChLm4HyeBkk8pMRIaUWnBhQ|title:ADM%C4%B0U&#187; el_id=&#187;https:\/\/www.youtube.com\/channel\/UChLm4HyeBkk8pMRIaUWnBhQ&#187;][\/vc_column][vc_column width=&#187;1\/4&#8243;][vc_icon icon_fontawesome=&#187;fab fa-facebook-square&#187; color=&#187;sky&#187; link=&#187;url:https%3A%2F%2Fwww.facebook.com%2Fadmiuresmi%2F%3Flocale%3Daz_AZ|title:ADM%C4%B0U|target:_blank&#187;][\/vc_column][vc_column width=&#187;1\/4&#8243;][vc_icon icon_fontawesome=&#187;fab fa-linkedin&#187; link=&#187;url:https%3A%2F%2Faz.linkedin.com%2Fschool%2Fadmiu%2F|target:_blank&#187;][\/vc_column][vc_column width=&#187;1\/4&#8243;][vc_icon icon_fontawesome=&#187;fab fa-instagram&#187; color=&#187;sandy_brown&#187; link=&#187;url:https%3A%2F%2Fwww.instagram.com%2Fadmiu_elmihisse%3Figsh%3DMTdtZnB3YmlmOHp5dA%3D%3D|title:ADM%C4%B0U|target:_blank&#187;][\/vc_column][\/vc_row]<\/p>\n<\/section>","protected":false},"excerpt":{"rendered":"<p>[vc_row top_margin=&#187;page_margin_top_section&#187;][vc_column][vc_row_inner][vc_column_inner top_margin=&#187;none&#187;][\/vc_column_inner][\/vc_row_inner][vc_row_inner el_class=&#187;margin_top_10&#8243;][vc_column_inner el_class=&#187;border_top&#187; top_margin=&#187;none&#187;][\/vc_column_inner][\/vc_row_inner][\/vc_column][\/vc_row][vc_row][vc_column][vc_column_text][\/vc_column_text][\/vc_column][\/vc_row][vc_row][vc_column width=&#187;1\/4&#8243;][vc_icon icon_fontawesome=&#187;fab fa-youtube&#187; color=&#187;juicy_pink&#187; link=&#187;url:https%3A%2F%2Fwww.youtube.com%2Fchannel%2FUChLm4HyeBkk8pMRIaUWnBhQ|title:ADM%C4%B0U&#187; el_id=&#187;https:\/\/www.youtube.com\/channel\/UChLm4HyeBkk8pMRIaUWnBhQ&#187;][\/vc_column][vc_column width=&#187;1\/4&#8243;][vc_icon icon_fontawesome=&#187;fab fa-facebook-square&#187; color=&#187;sky&#187; link=&#187;url:https%3A%2F%2Fwww.facebook.com%2Fadmiuresmi%2F%3Flocale%3Daz_AZ|title:ADM%C4%B0U|target:_blank&#187;][\/vc_column][vc_column width=&#187;1\/4&#8243;][vc_icon icon_fontawesome=&#187;fab fa-linkedin&#187; link=&#187;url:https%3A%2F%2Faz.linkedin.com%2Fschool%2Fadmiu%2F|target:_blank&#187;][\/vc_column][vc_column width=&#187;1\/4&#8243;][vc_icon icon_fontawesome=&#187;fab fa-instagram&#187; color=&#187;sandy_brown&#187; link=&#187;url:https%3A%2F%2Fwww.instagram.com%2Fadmiu_elmihisse%3Figsh%3DMTdtZnB3YmlmOHp5dA%3D%3D|title:ADM%C4%B0U|target:_blank&#187;][\/vc_column][\/vc_row]<\/p>\n","protected":false},"author":1,"featured_media":0,"parent":0,"menu_order":0,"comment_status":"open","ping_status":"open","template":"","meta":{"footnotes":""},"class_list":["post-217","page","type-page","status-publish","hentry"],"_links":{"self":[{"href":"https:\/\/medeniyyetdunyasi.az\/ru\/wp-json\/wp\/v2\/pages\/217","targetHints":{"allow":["GET"]}}],"collection":[{"href":"https:\/\/medeniyyetdunyasi.az\/ru\/wp-json\/wp\/v2\/pages"}],"about":[{"href":"https:\/\/medeniyyetdunyasi.az\/ru\/wp-json\/wp\/v2\/types\/page"}],"author":[{"embeddable":true,"href":"https:\/\/medeniyyetdunyasi.az\/ru\/wp-json\/wp\/v2\/users\/1"}],"replies":[{"embeddable":true,"href":"https:\/\/medeniyyetdunyasi.az\/ru\/wp-json\/wp\/v2\/comments?post=217"}],"version-history":[{"count":22,"href":"https:\/\/medeniyyetdunyasi.az\/ru\/wp-json\/wp\/v2\/pages\/217\/revisions"}],"predecessor-version":[{"id":2291,"href":"https:\/\/medeniyyetdunyasi.az\/ru\/wp-json\/wp\/v2\/pages\/217\/revisions\/2291"}],"wp:attachment":[{"href":"https:\/\/medeniyyetdunyasi.az\/ru\/wp-json\/wp\/v2\/media?parent=217"}],"curies":[{"name":"wp","href":"https:\/\/api.w.org\/{rel}","templated":true}]}}