{"id":1987,"date":"2025-01-15T08:55:27","date_gmt":"2025-01-15T08:55:27","guid":{"rendered":"https:\/\/medeniyyetdunyasi.az\/?page_id=1987"},"modified":"2025-01-15T09:01:55","modified_gmt":"2025-01-15T09:01:55","slug":"1987-2","status":"publish","type":"page","link":"https:\/\/medeniyyetdunyasi.az\/ru\/1987-2\/","title":{"rendered":"\u201cM\u00dcAS\u0130R \u0130NC\u018fS\u018fN\u018fT M\u018fKANINDA S\u00dcN\u0130 \u0130NTELLEKT: PROBLEML\u018fR V\u018f PERSPEKT\u0130VL\u018fR\u201d"},"content":{"rendered":"<p class=\"qtranxs-available-languages-message qtranxs-available-languages-message-ru\">\u0418\u0437\u0432\u0438\u043d\u0438\u0442\u0435, \u044d\u0442\u043e\u0442 \u0442\u0435\u043a\u0441\u0442 \u0434\u043e\u0441\u0442\u0443\u043f\u0435\u043d \u0442\u043e\u043b\u044c\u043a\u043e \u043d\u0430 &ldquo;<a href=\"https:\/\/medeniyyetdunyasi.az\/az\/wp-json\/wp\/v2\/pages\/1987\" class=\"qtranxs-available-language-link qtranxs-available-language-link-az\" title=\"Az\u0259rbaycanca\">Az\u0259rbaycanca<\/a>&rdquo;.<\/p>\n","protected":false},"excerpt":{"rendered":"<p>\u0418\u0437\u0432\u0438\u043d\u0438\u0442\u0435, \u044d\u0442\u043e\u0442 \u0442\u0435\u043a\u0441\u0442 \u0434\u043e\u0441\u0442\u0443\u043f\u0435\u043d \u0442\u043e\u043b\u044c\u043a\u043e \u043d\u0430 &ldquo;Az\u0259rbaycanca&rdquo;.<\/p>\n","protected":false},"author":2,"featured_media":0,"parent":0,"menu_order":0,"comment_status":"closed","ping_status":"closed","template":"","meta":{"footnotes":""},"class_list":["post-1987","page","type-page","status-publish","hentry"],"_links":{"self":[{"href":"https:\/\/medeniyyetdunyasi.az\/ru\/wp-json\/wp\/v2\/pages\/1987","targetHints":{"allow":["GET"]}}],"collection":[{"href":"https:\/\/medeniyyetdunyasi.az\/ru\/wp-json\/wp\/v2\/pages"}],"about":[{"href":"https:\/\/medeniyyetdunyasi.az\/ru\/wp-json\/wp\/v2\/types\/page"}],"author":[{"embeddable":true,"href":"https:\/\/medeniyyetdunyasi.az\/ru\/wp-json\/wp\/v2\/users\/2"}],"replies":[{"embeddable":true,"href":"https:\/\/medeniyyetdunyasi.az\/ru\/wp-json\/wp\/v2\/comments?post=1987"}],"version-history":[{"count":4,"href":"https:\/\/medeniyyetdunyasi.az\/ru\/wp-json\/wp\/v2\/pages\/1987\/revisions"}],"predecessor-version":[{"id":1991,"href":"https:\/\/medeniyyetdunyasi.az\/ru\/wp-json\/wp\/v2\/pages\/1987\/revisions\/1991"}],"wp:attachment":[{"href":"https:\/\/medeniyyetdunyasi.az\/ru\/wp-json\/wp\/v2\/media?parent=1987"}],"curies":[{"name":"wp","href":"https:\/\/api.w.org\/{rel}","templated":true}]}}