{"id":1236,"date":"2024-03-21T08:40:42","date_gmt":"2024-03-21T08:40:42","guid":{"rendered":"https:\/\/medeniyyetdunyasi.az\/new\/?page_id=1236"},"modified":"2026-01-05T08:41:20","modified_gmt":"2026-01-05T08:41:20","slug":"elanlar","status":"publish","type":"page","link":"https:\/\/medeniyyetdunyasi.az\/ru\/elanlar\/","title":{"rendered":"\u041e\u0431\u044a\u044f\u0432\u043b\u0435\u043d\u0438\u0435"},"content":{"rendered":"<section class=\"wpb-content-wrapper\"><p>&nbsp;<\/p>\n<p style=\"text-align: center; padding-left: 40px;\">\u041f\u0440\u043e\u0434\u043e\u043b\u0436\u0430\u0435\u0442\u0441\u044f \u043f\u0440\u0438\u0435\u043c \u0441\u0442\u0430\u0442\u0435\u0439 \u0432 49-\u0439 \u043d\u043e\u043c\u0435\u0440 \u043d\u0430\u0443\u0447\u043d\u043e-\u0442\u0435\u043e\u0440\u0435\u0442\u0438\u0447\u0435\u0441\u043a\u043e\u0433\u043e \u0436\u0443\u0440\u043d\u0430\u043b\u0430 \u00ab\u041c\u0438\u0440 \u043a\u0443\u043b\u044c\u0442\u0443\u0440\u044b\u00bb. \u0412\u044b \u043c\u043e\u0436\u0435\u0442\u0435 \u043f\u0435\u0440\u0435\u0441\u043b\u0430\u0442\u044c \u0441\u0432\u043e\u0438 \u0441\u0442\u0430\u0442\u044c\u0438 \u0447\u0435\u0440\u0435\u0437 \u0441\u0430\u0439\u0442.<\/p>\n<p style=\"text-align: center; padding-left: 40px;\"><em><strong>\u041f\u0440\u0438\u043c\u0435\u0447\u0430\u043d\u0438\u0435.<\/strong><\/em> \u041f\u043e\u0436\u0430\u043b\u0443\u0439\u0441\u0442\u0430, \u043f\u0440\u043e\u0447\u0442\u0438\u0442\u0435 \u0438\u043d\u0441\u0442\u0440\u0443\u043a\u0446\u0438\u0438 \u043f\u0435\u0440\u0435\u0434 \u043e\u0442\u043f\u0440\u0430\u0432\u043a\u043e\u0439 \u0441\u0442\u0430\u0442\u044c\u0438.<\/p>\n<blockquote class=\"wp-embedded-content\" data-secret=\"lduo34X6W6\"><p><a href=\"https:\/\/medeniyyetdunyasi.az\/ru\/meqale-tertibine-dair-telebler\/\">\u041f\u0420\u0410\u0412\u0418\u041b\u0410 \u041e\u0424\u041e\u0420\u041c\u041b\u0415\u041d\u0418\u042f \u0421\u0422\u0410\u0422\u0415\u0419<\/a><\/p><\/blockquote>\n<p><iframe loading=\"lazy\" class=\"wp-embedded-content\" sandbox=\"allow-scripts\" security=\"restricted\" style=\"position: absolute; visibility: hidden;\" title=\"\u00ab\u041f\u0420\u0410\u0412\u0418\u041b\u0410 \u041e\u0424\u041e\u0420\u041c\u041b\u0415\u041d\u0418\u042f \u0421\u0422\u0410\u0422\u0415\u0419\u00bb &#8212; M\u0259d\u0259niyy\u0259t D\u00fcnyas\u0131 Jurnal\u0131\" src=\"https:\/\/medeniyyetdunyasi.az\/ru\/meqale-tertibine-dair-telebler\/embed\/#?secret=zVYMgQbvcL#?secret=lduo34X6W6\" data-secret=\"lduo34X6W6\" width=\"500\" height=\"282\" frameborder=\"0\" marginwidth=\"0\" marginheight=\"0\" scrolling=\"no\"><\/iframe><\/p>\n<p>[vc_row][vc_column][vc_empty_space][\/vc_column][\/vc_row][vc_row][vc_column][vc_masonry_grid post_type=&#187;post&#187; max_items=&#187;10&#8243; grid_id=&#187;vc_gid:1711270969086-0a2e9367-bdd7-2&#8243; taxonomies=&#187;25&#8243;][\/vc_column][\/vc_row]<\/p>\n<\/section>","protected":false},"excerpt":{"rendered":"<p>&nbsp; \u041f\u0440\u043e\u0434\u043e\u043b\u0436\u0430\u0435\u0442\u0441\u044f \u043f\u0440\u0438\u0435\u043c \u0441\u0442\u0430\u0442\u0435\u0439 \u0432 49-\u0439 \u043d\u043e\u043c\u0435\u0440 \u043d\u0430\u0443\u0447\u043d\u043e-\u0442\u0435\u043e\u0440\u0435\u0442\u0438\u0447\u0435\u0441\u043a\u043e\u0433\u043e \u0436\u0443\u0440\u043d\u0430\u043b\u0430 \u00ab\u041c\u0438\u0440 \u043a\u0443\u043b\u044c\u0442\u0443\u0440\u044b\u00bb. \u0412\u044b \u043c\u043e\u0436\u0435\u0442\u0435 \u043f\u0435\u0440\u0435\u0441\u043b\u0430\u0442\u044c \u0441\u0432\u043e\u0438 \u0441\u0442\u0430\u0442\u044c\u0438 \u0447\u0435\u0440\u0435\u0437 \u0441\u0430\u0439\u0442. \u041f\u0440\u0438\u043c\u0435\u0447\u0430\u043d\u0438\u0435. \u041f\u043e\u0436\u0430\u043b\u0443\u0439\u0441\u0442\u0430, \u043f\u0440\u043e\u0447\u0442\u0438\u0442\u0435 \u0438\u043d\u0441\u0442\u0440\u0443\u043a\u0446\u0438\u0438 \u043f\u0435\u0440\u0435\u0434 \u043e\u0442\u043f\u0440\u0430\u0432\u043a\u043e\u0439 \u0441\u0442\u0430\u0442\u044c\u0438. \u041f\u0420\u0410\u0412\u0418\u041b\u0410 \u041e\u0424\u041e\u0420\u041c\u041b\u0415\u041d\u0418\u042f \u0421\u0422\u0410\u0422\u0415\u0419 [vc_row][vc_column][vc_empty_space][\/vc_column][\/vc_row][vc_row][vc_column][vc_masonry_grid post_type=&#187;post&#187; max_items=&#187;10&#8243; grid_id=&#187;vc_gid:1711270969086-0a2e9367-bdd7-2&#8243; taxonomies=&#187;25&#8243;][\/vc_column][\/vc_row]<\/p>\n","protected":false},"author":1,"featured_media":0,"parent":0,"menu_order":0,"comment_status":"closed","ping_status":"closed","template":"","meta":{"footnotes":""},"class_list":["post-1236","page","type-page","status-publish","hentry"],"_links":{"self":[{"href":"https:\/\/medeniyyetdunyasi.az\/ru\/wp-json\/wp\/v2\/pages\/1236","targetHints":{"allow":["GET"]}}],"collection":[{"href":"https:\/\/medeniyyetdunyasi.az\/ru\/wp-json\/wp\/v2\/pages"}],"about":[{"href":"https:\/\/medeniyyetdunyasi.az\/ru\/wp-json\/wp\/v2\/types\/page"}],"author":[{"embeddable":true,"href":"https:\/\/medeniyyetdunyasi.az\/ru\/wp-json\/wp\/v2\/users\/1"}],"replies":[{"embeddable":true,"href":"https:\/\/medeniyyetdunyasi.az\/ru\/wp-json\/wp\/v2\/comments?post=1236"}],"version-history":[{"count":35,"href":"https:\/\/medeniyyetdunyasi.az\/ru\/wp-json\/wp\/v2\/pages\/1236\/revisions"}],"predecessor-version":[{"id":2530,"href":"https:\/\/medeniyyetdunyasi.az\/ru\/wp-json\/wp\/v2\/pages\/1236\/revisions\/2530"}],"wp:attachment":[{"href":"https:\/\/medeniyyetdunyasi.az\/ru\/wp-json\/wp\/v2\/media?parent=1236"}],"curies":[{"name":"wp","href":"https:\/\/api.w.org\/{rel}","templated":true}]}}