{"id":1220,"date":"2024-03-18T10:03:54","date_gmt":"2024-03-18T10:03:54","guid":{"rendered":"https:\/\/medeniyyetdunyasi.az\/new\/?page_id=1220"},"modified":"2025-06-23T09:51:08","modified_gmt":"2025-06-23T09:51:08","slug":"redaksiya-komissiyalari","status":"publish","type":"page","link":"https:\/\/medeniyyetdunyasi.az\/ru\/redaksiya-komissiyalari\/","title":{"rendered":"Redaksiya komissiyalar\u0131"},"content":{"rendered":"<section class=\"wpb-content-wrapper\"><p>[vc_row][vc_column]<div class=\"divider_block clearfix\"><hr class=\"divider first\"><hr class=\"divider subheader_arrow\"><hr class=\"divider last\"><\/div>[\/vc_column][\/vc_row][vc_row top_margin=&#187;page_margin_top&#187;][vc_column][vc_column_text]<\/p>\n<h1><strong>Sah\u0259l\u0259r \u00fczr\u0259 redaksiya komissiyalar\u0131:<\/strong><\/h1>\n<p><strong>\u00a0<\/strong><\/p>\n<ul>\n<li><strong>S\u0259n\u0259t\u015f\u00fcnasl\u0131q ixtisas\u0131 \u00fczr\u0259: <\/strong>pedaqogika \u00fczr\u0259 f\u0259ls\u0259f\u0259 doktoru, dosent Yegan\u0259 Eyvazova (s\u0259dr), f\u0259ls\u0259f\u0259 \u00fczr\u0259 f\u0259ls\u0259f\u0259 doktoru, dosent Tamilla \u018fhm\u0259dova, f\u0259ls\u0259f\u0259 elml\u0259ri doktoru, professor M\u00fcbariz S\u00fcleymanl\u0131, kulturologiya \u00fczr\u0259 f\u0259ls\u0259f\u0259 doktoru, dosent Xal\u0259ddin Sofiyev, s\u0259n\u0259t\u015f\u00fcnasl\u0131q \u00fczr\u0259 f\u0259ls\u0259f\u0259 doktoru, dosent Sevinc \u018fsg\u0259rova, s\u0259n\u0259t\u015f\u00fcnasl\u0131q \u00fczr\u0259 f\u0259ls\u0259f\u0259 doktoru, dosent G\u00fcnay Qafarova, filologiya \u00fczr\u0259 f\u0259ls\u0259f\u0259 doktoru Sevinc \u018fhm\u0259dova;<\/li>\n<\/ul>\n<p>&nbsp;<\/p>\n<ul>\n<li><strong>Teatr<\/strong> <strong>s\u0259n\u0259ti ixtisas\u0131 \u00fczr\u0259: <\/strong>s\u0259n\u0259t\u015f\u00fcnasl\u0131q \u00fczr\u0259 f\u0259ls\u0259f\u0259 doktoru, professor Ayd\u0131n Tal\u0131bzad\u0259 (s\u0259dr), s\u0259n\u0259t\u015f\u00fcnasl\u0131q elml\u0259ri doktoru, professor M\u0259ryam \u018flizad\u0259, s\u0259n\u0259t\u015f\u00fcnasl\u0131q elml\u0259ri doktoru, professor \u0130srafil \u0130srafilov, s\u0259n\u0259t\u015f\u00fcnasl\u0131q \u00fczr\u0259 f\u0259ls\u0259f\u0259 doktoru, dosent El\u00e7in C\u0259f\u0259rov, s\u0259n\u0259t\u015f\u00fcnasl\u0131q \u00fczr\u0259 f\u0259ls\u0259f\u0259 doktoru, dosent Vidadi Qafarov, s\u0259n\u0259t\u015f\u00fcnasl\u0131q \u00fczr\u0259 f\u0259ls\u0259f\u0259 doktoru, ba\u015f m\u00fc\u0259llim Lal\u0259 S\u0259limova, m\u00fc\u0259llim T\u0259rlan R\u0259sulov, m\u00fc\u0259llim Ayg\u00fcn S\u00fcleymanova;<\/li>\n<\/ul>\n<p>&nbsp;<\/p>\n<ul>\n<li><strong>Kino, televiziya v\u0259 dig\u0259r ekran s\u0259n\u0259tl\u0259ri ixtisas\u0131 \u00fczr\u0259: <\/strong>\u018fm\u0259kdar inc\u0259s\u0259n\u0259t xadimi, professor \u018fli \u018fmirli (s\u0259dr), s\u0259n\u0259t\u015f\u00fcnasl\u0131q \u00fczr\u0259 f\u0259ls\u0259f\u0259 doktoru, professor Rafiq Quliyev, s\u0259n\u0259t\u015f\u00fcnasl\u0131q \u00fczr\u0259 f\u0259ls\u0259f\u0259 doktoru, dosent Fazil\u0259 Abbasova; s\u0259n\u0259t\u015f\u00fcnasl\u0131q \u00fczr\u0259 f\u0259ls\u0259f\u0259 doktoru, dosent Elnur Mehdiyev, s\u0259n\u0259t\u015f\u00fcnasl\u0131q \u00fczr\u0259 f\u0259ls\u0259f\u0259 doktoru, dosent Kifay\u0259t B\u00fcnyatova, s\u0259n\u0259t\u015f\u00fcnasl\u0131q \u00fczr\u0259 f\u0259ls\u0259f\u0259 doktoru, dosent G\u00fclnar\u0259 H\u00fcseynova, m\u00fc\u0259llim Anar Verdiyev;<\/li>\n<\/ul>\n<p>&nbsp;<\/p>\n<ul>\n<li><strong>T\u0259sviri s\u0259n\u0259t ixtisas\u0131 \u00fczr\u0259: <\/strong>s\u0259n\u0259t\u015f\u00fcnasl\u0131q \u00fczr\u0259 f\u0259ls\u0259f\u0259 doktoru, dosent Sevil K\u0259rimova (s\u0259dr), Xalq r\u0259ssam\u0131, professor Arif \u018fzizov, s\u0259n\u0259t\u015f\u00fcnasl\u0131q \u00fczr\u0259 f\u0259ls\u0259f\u0259 doktoru, dosent M\u0259lah\u0259t F\u0259r\u0259cova, s\u0259n\u0259t\u015f\u00fcnasl\u0131q \u00fczr\u0259 f\u0259ls\u0259f\u0259 doktoru, dosent Aslan X\u0259lilov, s\u0259n\u0259t\u015f\u00fcnasl\u0131q \u00fczr\u0259 f\u0259ls\u0259f\u0259 doktoru G\u00fcnel Seyid\u0259hm\u0259dli;<\/li>\n<\/ul>\n<p>&nbsp;<\/p>\n<ul>\n<li><strong>Musiqi s\u0259n\u0259ti ixtisas\u0131 \u00fczr\u0259: <\/strong>s\u0259n\u0259t\u015f\u00fcnasl\u0131q \u00fczr\u0259 f\u0259ls\u0259f\u0259 doktoru, professor Ka- mil\u0259 Dada\u015f-zad\u0259 (s\u0259dr), s\u0259n\u0259t\u015f\u00fcnasl\u0131q \u00fczr\u0259 f\u0259ls\u0259f\u0259 doktoru, dosent Ellada H\u00fcsey- nova, s\u0259n\u0259t\u015f\u00fcnasl\u0131q \u00fczr\u0259 f\u0259ls\u0259f\u0259 doktoru, dosent S\u0259bin\u0259 Mehdiyeva, s\u0259n\u0259t\u015f\u00fcnasl\u0131q \u00fczr\u0259 f\u0259ls\u0259f\u0259 doktoru, dosent G\u00fcll\u00fc \u0130smay\u0131lova, s\u0259n\u0259t\u015f\u00fcnasl\u0131q \u00fczr\u0259 f\u0259ls\u0259f\u0259 doktoru, dosent G\u00fclnar Verdiyeva; s\u0259n\u0259t\u015f\u00fcnasl\u0131q \u00fczr\u0259 f\u0259ls\u0259f\u0259 doktoru, dosent N\u0259rmin Qa- ralova;<\/li>\n<\/ul>\n<h1><\/h1>\n<p>&nbsp;<\/p>\n<ul>\n<li><\/li>\n<li><strong>F\u0259ls\u0259f\u0259 ixtisas\u0131 \u00fczr\u0259: <\/strong>f\u0259ls\u0259f\u0259 elml\u0259ri doktoru, professor Niyazi Mehdi (s\u0259dr), kulturologiya \u00fczr\u0259 f\u0259ls\u0259f\u0259 doktoru, dosent Xal\u0259ddin Sofiyev, f\u0259ls\u0259f\u0259 \u00fczr\u0259 f\u0259ls\u0259f\u0259 doktoru, dosent Sevinc \u015eahh\u00fcseynova, f\u0259ls\u0259f\u0259 \u00fczr\u0259 f\u0259ls\u0259f\u0259 doktoru, dosent Tamilla \u018fhm\u0259dova;<\/li>\n<\/ul>\n<p>&nbsp;<\/p>\n<ul>\n<li><strong>Psixologiya ixtisas\u0131 \u00fczr\u0259: <\/strong>psixologiya elml\u0259ri doktoru, professor Ramiz \u018fli- yev (s\u0259dr), psixologiya elml\u0259ri doktoru, professor Elnar\u0259 S\u0259fiyeva, pedaqogika \u00fczr\u0259 f\u0259ls\u0259f\u0259 doktoru, dosent Z\u0259rif\u0259 \u018fliyeva, psixologiya \u00fczr\u0259 f\u0259ls\u0259f\u0259 doktoru Vasif Muradzad\u0259, beyn\u0259lxalq Mediator, X\u0259z\u0259r Psixoloji Xidm\u0259t M\u0259rk\u0259zinin direktoru M\u0259l\u0259k K\u0259rimova<\/li>\n<\/ul>\n<p>&nbsp;<\/p>\n<p><strong><em>Jurnal Az\u0259rbaycan Respublikas\u0131 Prezidenti Yan\u0131nda Ali Attestasiya Komissi- yas\u0131n\u0131n R\u0259yas\u0259t Hey\u0259tinin 30 aprel 2010-cu il tarixli iclas\u0131nda (protokol N 10-R) \u201cAz\u0259rbaycan Respublikas\u0131nda dissertasiyalar\u0131n \u0259sas n\u0259tic\u0259l\u0259rinin d\u0259rc olunmas\u0131 t\u00f6vsiy\u0259 edil\u0259n elmi n\u0259\u015frl\u0259r\u201din siyah\u0131s\u0131na daxil edilmi\u015fdir.<\/em><\/strong><\/p>\n<p>[\/vc_column_text]<div class=\"divider_block clearfix\"><hr class=\"divider first\"><hr class=\"divider subheader_arrow\"><hr class=\"divider last\"><\/div>[\/vc_column][\/vc_row]<\/p>\n<\/section>","protected":false},"excerpt":{"rendered":"<p>[vc_row][vc_column][\/vc_column][\/vc_row][vc_row top_margin=&#187;page_margin_top&#187;][vc_column][vc_column_text] Sah\u0259l\u0259r \u00fczr\u0259 redaksiya komissiyalar\u0131: \u00a0 S\u0259n\u0259t\u015f\u00fcnasl\u0131q ixtisas\u0131 \u00fczr\u0259: pedaqogika \u00fczr\u0259 f\u0259ls\u0259f\u0259 doktoru, dosent Yegan\u0259 Eyvazova (s\u0259dr), f\u0259ls\u0259f\u0259 \u00fczr\u0259 f\u0259ls\u0259f\u0259 doktoru, dosent Tamilla \u018fhm\u0259dova, f\u0259ls\u0259f\u0259 elml\u0259ri doktoru, professor M\u00fcbariz S\u00fcleymanl\u0131, kulturologiya \u00fczr\u0259 f\u0259ls\u0259f\u0259 doktoru, dosent Xal\u0259ddin Sofiyev, s\u0259n\u0259t\u015f\u00fcnasl\u0131q \u00fczr\u0259 f\u0259ls\u0259f\u0259 doktoru, dosent Sevinc \u018fsg\u0259rova, s\u0259n\u0259t\u015f\u00fcnasl\u0131q \u00fczr\u0259 f\u0259ls\u0259f\u0259 doktoru, dosent G\u00fcnay Qafarova, filologiya \u00fczr\u0259 f\u0259ls\u0259f\u0259<\/p>\n","protected":false},"author":1,"featured_media":0,"parent":0,"menu_order":0,"comment_status":"closed","ping_status":"closed","template":"","meta":{"footnotes":""},"class_list":["post-1220","page","type-page","status-publish","hentry"],"_links":{"self":[{"href":"https:\/\/medeniyyetdunyasi.az\/ru\/wp-json\/wp\/v2\/pages\/1220","targetHints":{"allow":["GET"]}}],"collection":[{"href":"https:\/\/medeniyyetdunyasi.az\/ru\/wp-json\/wp\/v2\/pages"}],"about":[{"href":"https:\/\/medeniyyetdunyasi.az\/ru\/wp-json\/wp\/v2\/types\/page"}],"author":[{"embeddable":true,"href":"https:\/\/medeniyyetdunyasi.az\/ru\/wp-json\/wp\/v2\/users\/1"}],"replies":[{"embeddable":true,"href":"https:\/\/medeniyyetdunyasi.az\/ru\/wp-json\/wp\/v2\/comments?post=1220"}],"version-history":[{"count":4,"href":"https:\/\/medeniyyetdunyasi.az\/ru\/wp-json\/wp\/v2\/pages\/1220\/revisions"}],"predecessor-version":[{"id":2292,"href":"https:\/\/medeniyyetdunyasi.az\/ru\/wp-json\/wp\/v2\/pages\/1220\/revisions\/2292"}],"wp:attachment":[{"href":"https:\/\/medeniyyetdunyasi.az\/ru\/wp-json\/wp\/v2\/media?parent=1220"}],"curies":[{"name":"wp","href":"https:\/\/api.w.org\/{rel}","templated":true}]}}