{"id":184,"date":"2015-01-09T10:22:07","date_gmt":"2015-01-09T10:22:07","guid":{"rendered":"http:\/\/localhost\/wordpress\/pressroom\/?page_id=184"},"modified":"2015-01-09T10:22:07","modified_gmt":"2015-01-09T10:22:07","slug":"single-author-template","status":"publish","type":"page","link":"https:\/\/medeniyyetdunyasi.az\/en\/single-author-template\/","title":{"rendered":"Single Author Template"},"content":{"rendered":"<section class=\"wpb-content-wrapper\"><p>[vc_row][vc_column width=&#8221;1\/1&#8243;]<div class=\"divider_block clearfix\"><hr class=\"divider first\"><hr class=\"divider subheader_arrow\"><hr class=\"divider last\"><\/div>[\/vc_column][\/vc_row][vc_row top_margin=&#8221;page_margin_top&#8221;][vc_column width=&#8221;2\/3&#8243;]<ul class=\"authors_list rating\">\r\n\t\t<li class=\"single-author clearfix\">\r\n\t\t\t<div class=\"avatar_block\">\r\n\t\t\t\t<a class=\"thumb\" href=\"https:\/\/medeniyyetdunyasi.az\/en\/author\/\" title=\"\"><img alt='' src='https:\/\/secure.gravatar.com\/avatar\/?s=300&#038;d=mm&#038;r=g' srcset='https:\/\/secure.gravatar.com\/avatar\/?s=600&#038;d=mm&#038;r=g 2x' class='avatar avatar-300 photo avatar-default' height='300' width='300' \/><\/a>\r\n\t\t\t\t<div class=\"details clearfix\">\r\n\t\t\t\t\t<ul class=\"columns\">\r\n\t\t\t\t\t\t<li class=\"column\">\r\n\t\t\t\t\t\t\t<span class=\"number animated_element\" data-value=\"33\"><\/span>\r\n\t\t\t\t\t\t\t<h5>Articles<\/h5>\r\n\t\t\t\t\t\t<\/li>\r\n\t\t\t\t\t\t<li class=\"column\">\r\n\t\t\t\t\t\t\t<span class=\"number animated_element\" data-value=\"44793\"><\/span>\r\n\t\t\t\t\t\t\t<h5>Views<\/h5>\r\n\t\t\t\t\t\t<\/li>\r\n\t\t\t\t\t<\/ul>\r\n\t\t\t\t<\/div>\r\n\t\t\t<\/div>\r\n\t\t\t<div class=\"content\"><h6><\/h6>\r\n\t\t\t\t<h2><a href=\"https:\/\/medeniyyetdunyasi.az\/en\/author\/\" title=\"\"><\/a><\/h2><\/div>\r\n\t\t<\/li>\r\n\t<\/ul><h4 class=\"box_header page_margin_top_section\">Author's Posts<\/h4><input type=\"hidden\" name=\"theme_blog_2_columns_pagination\" value=\"a:26:{s:13:&quot;pr_pagination&quot;;s:1:&quot;1&quot;;s:14:&quot;items_per_page&quot;;s:1:&quot;4&quot;;s:19:&quot;featured_image_size&quot;;s:7:&quot;default&quot;;s:3:&quot;ids&quot;;s:1:&quot;-&quot;;s:8:&quot;category&quot;;s:1:&quot;-&quot;;s:6:&quot;author&quot;;N;s:8:&quot;order_by&quot;;s:4:&quot;date&quot;;s:5:&quot;order&quot;;s:4:&quot;DESC&quot;;s:13:&quot;featured_post&quot;;s:1:&quot;-&quot;;s:15:&quot;show_post_title&quot;;s:1:&quot;1&quot;;s:17:&quot;show_post_excerpt&quot;;s:1:&quot;1&quot;;s:9:&quot;read_more&quot;;s:1:&quot;1&quot;;s:18:&quot;read_more_featured&quot;;s:1:&quot;1&quot;;s:20:&quot;show_post_categories&quot;;s:1:&quot;1&quot;;s:16:&quot;show_post_author&quot;;s:1:&quot;0&quot;;s:14:&quot;show_post_date&quot;;s:1:&quot;1&quot;;s:19:&quot;post_details_layout&quot;;s:7:&quot;default&quot;;s:22:&quot;show_post_comments_box&quot;;s:1:&quot;1&quot;;s:14:&quot;show_more_page&quot;;s:1:&quot;-&quot;;s:15:&quot;show_more_label&quot;;s:9:&quot;READ MORE&quot;;s:10:&quot;top_margin&quot;;s:4:&quot;none&quot;;s:8:&quot;monthnum&quot;;s:0:&quot;&quot;;s:3:&quot;day&quot;;s:0:&quot;&quot;;s:4:&quot;year&quot;;s:0:&quot;&quot;;s:1:&quot;w&quot;;s:0:&quot;&quot;;s:8:&quot;page_uri&quot;;s:27:&quot;\/en\/wp-json\/wp\/v2\/pages\/184&quot;;}\" \/>[\/vc_column][vc_column width=&#8221;1\/3&#8243;][vc_tabs top_margin=&#8221;none&#8221; el_class=&#8221;no_scroll&#8221;][vc_tab title=&#8221;Most Read&#8221; tab_id=&#8221;sidebar-most-read&#8221;]<ul class=\"blog rating clearfix page_margin_top\"><li class=\"post\"><a href=\"https:\/\/medeniyyetdunyasi.az\/en\/konfranslar\/az%c9%99rbaycan-s%c9%99n%c9%99tsunasligi-s%c9%99rq-q%c9%99rb-dialoqu-kontekstind%c9%99\/\" title=\"Az\u0259rbaycan s\u0259n\u0259t\u015f\u00fcnasl\u0131\u011f\u0131 \u015e\u0259rq-q\u0259rb dialoqu kontekstind\u0259\"><\/a><div class=\"post_content\">\r\n\t\t\t\t<span class=\"number animated_element\" data-value=\"2978\"><\/span>\r\n\t\t\t\t<h5><a href=\"https:\/\/medeniyyetdunyasi.az\/en\/konfranslar\/az%c9%99rbaycan-s%c9%99n%c9%99tsunasligi-s%c9%99rq-q%c9%99rb-dialoqu-kontekstind%c9%99\/\" title=\"Az\u0259rbaycan s\u0259n\u0259t\u015f\u00fcnasl\u0131\u011f\u0131 \u015e\u0259rq-q\u0259rb dialoqu kontekstind\u0259\">Az\u0259rbaycan s\u0259n\u0259t\u015f\u00fcnasl\u0131\u011f\u0131 \u015e\u0259rq-q\u0259rb dialoqu kontekstind\u0259<\/a><\/h5><ul class=\"post_details simple\"><li class=\"category container-category-26\"><a class=\"category-26\" href=\"https:\/\/medeniyyetdunyasi.az\/en\/category\/konfranslar\/\" title=\"View all posts filed under Konfranslar\">Konfranslar<\/a><\/li><li class=\"date\">March 24, 2024<\/li><\/ul><\/div><\/li><li class=\"post\"><div class=\"post_content\">\r\n\t\t\t\t<span class=\"number animated_element\" data-value=\"2499\"><\/span>\r\n\t\t\t\t<h5><a href=\"https:\/\/medeniyyetdunyasi.az\/en\/konfranslar\/heyd%c9%99r-eliyevin-m%c9%99d%c9%99niyy%c9%99t-siyas%c9%99ti\/\" title=\"Heyd\u0259r \u018fliyevin m\u0259d\u0259niyy\u0259t siyas\u0259ti\">Heyd\u0259r \u018fliyevin m\u0259d\u0259niyy\u0259t siyas\u0259ti<\/a><\/h5><ul class=\"post_details simple\"><li class=\"category container-category-26\"><a class=\"category-26\" href=\"https:\/\/medeniyyetdunyasi.az\/en\/category\/konfranslar\/\" title=\"View all posts filed under Konfranslar\">Konfranslar<\/a><\/li><li class=\"date\">March 24, 2024<\/li><\/ul><\/div><\/li><li class=\"post\"><div class=\"post_content\">\r\n\t\t\t\t<span class=\"number animated_element\" data-value=\"2457\"><\/span>\r\n\t\t\t\t<h5><a href=\"https:\/\/medeniyyetdunyasi.az\/en\/arxiv\/2024\/m%c9%99d%c9%99niyy%c9%99t-dunyasi-%e2%84%9645\/\" title=\"The World of Culture \u211645\">The World of Culture \u211645<\/a><\/h5><ul class=\"post_details simple\"><li class=\"category container-category-58\"><a class=\"category-58\" href=\"https:\/\/medeniyyetdunyasi.az\/en\/category\/arxiv\/2024\/\" title=\"View all posts filed under 2024\">2024<\/a><\/li><li class=\"date\">January 31, 2025<\/li><\/ul><\/div><\/li><li class=\"post\"><div class=\"post_content\">\r\n\t\t\t\t<span class=\"number animated_element\" data-value=\"2403\"><\/span>\r\n\t\t\t\t<h5><a href=\"https:\/\/medeniyyetdunyasi.az\/en\/konfranslar\/m%c9%99is%c9%99t-zorakiligi-hallarinin-qarsisinin-alinmasi-istiqam%c9%99tind%c9%99-sosial-isin-t%c9%99tbiqi\/\" title=\"M\u0259i\u015f\u0259t zorak\u0131l\u0131\u011f\u0131 hallar\u0131n\u0131n qar\u015f\u0131s\u0131n\u0131n al\u0131nmas\u0131 istiqam\u0259tind\u0259 sosial i\u015fin t\u0259tbiqi\">M\u0259i\u015f\u0259t zorak\u0131l\u0131\u011f\u0131 hallar\u0131n\u0131n qar\u015f\u0131s\u0131n\u0131n al\u0131nmas\u0131 istiqam\u0259tind\u0259 sosial i\u015fin t\u0259tbiqi<\/a><\/h5><ul class=\"post_details simple\"><li class=\"category container-category-26\"><a class=\"category-26\" href=\"https:\/\/medeniyyetdunyasi.az\/en\/category\/konfranslar\/\" title=\"View all posts filed under Konfranslar\">Konfranslar<\/a><\/li><li class=\"date\">March 24, 2024<\/li><\/ul><\/div><\/li><li class=\"post\"><div class=\"post_content\">\r\n\t\t\t\t<span class=\"number animated_element\" data-value=\"2401\"><\/span>\r\n\t\t\t\t<h5><a href=\"https:\/\/medeniyyetdunyasi.az\/en\/arxiv\/2025\/https-medeniyyetdunyasi-az-arxiv-2025-07-son-red-m%c9%99d%c9%99niyy%c9%99t-dunyasi-%e2%84%9647-2-1-1-pdf\/\" title=\"THE WORLD OF CULTURE \u2116 47\">THE WORLD OF CULTURE \u2116 47<\/a><\/h5><ul class=\"post_details simple\"><li class=\"category\"><a class=\"category-60\" href=\"https:\/\/medeniyyetdunyasi.az\/en\/category\/arxiv\/2025\/\" title=\"View all posts filed under 2025\">2025<\/a>, <a class=\"category-61\" href=\"https:\/\/medeniyyetdunyasi.az\/en\/category\/arxiv\/\" title=\"View all posts filed under Arxiv\">Arxiv<\/a>, <a class=\"category-64\" href=\"https:\/\/medeniyyetdunyasi.az\/en\/category\/esas-s%c9%99hif%c9%99\/\" title=\"View all posts filed under \u018fsas s\u0259hif\u0259\">\u018fsas s\u0259hif\u0259<\/a><\/li><li class=\"date\">July 2, 2025<\/li><\/ul><\/div><\/li><\/ul>[\/vc_tab][vc_tab title=&#8221;Commented&#8221; tab_id=&#8221;sidebar-most-commented&#8221;]<ul class=\"blog rating clearfix page_margin_top\"><\/ul>[\/vc_tab][\/vc_tabs]<h4 class=\"box_header page_margin_top_section\">Latest Posts<\/h4><div class=\"vertical_carousel_container clearfix\"><ul class=\"blog small vertical_carousel visible-3 autoplay-0 pause_on_hover-1 scroll-1\"><li class=\"post\">\r\n\t\t\t<a href=\"https:\/\/medeniyyetdunyasi.az\/en\/konfranslar\/medeniyyet-problemler-ve-perspektivler-doktorant-ve-genc-tedqiqatcilarin-xviii-respublika-elmi-konfrasinin\/\" title=\"M\u018fD\u018fN\u0130YY\u018fT: PROBLEML\u018fR V\u018f PERSPEKT\u0130VL\u018fR DOKTORANT V\u018f G\u018fNC T\u018fDQ\u0130QAT\u00c7ILARIN XVIII RESPUBL\u0130KA ELM\u0130 KONFRASI\" class=\"post_image clearfix\"><\/a><div class=\"post_content\"><h5><a href=\"https:\/\/medeniyyetdunyasi.az\/en\/konfranslar\/medeniyyet-problemler-ve-perspektivler-doktorant-ve-genc-tedqiqatcilarin-xviii-respublika-elmi-konfrasinin\/\" title=\"M\u018fD\u018fN\u0130YY\u018fT: PROBLEML\u018fR V\u018f PERSPEKT\u0130VL\u018fR DOKTORANT V\u018f G\u018fNC T\u018fDQ\u0130QAT\u00c7ILARIN XVIII RESPUBL\u0130KA ELM\u0130 KONFRASI\">M\u018fD\u018fN\u0130YY\u018fT: PROBLEML\u018fR V\u018f PERSPEKT\u0130VL\u018fR DOKTORANT V\u018f G\u018fNC T\u018fDQ\u0130QAT\u00c7ILARIN XVIII RESPUBL\u0130KA ELM\u0130 KONFRASI<\/a><\/h5>\r\n\t\t\t<ul class=\"post_details simple\"><li class=\"category\"><a class=\"category-65\" href=\"https:\/\/medeniyyetdunyasi.az\/en\/category\/arxiv\/2026\/\" title=\"View all posts filed under 2026\">2026<\/a>, <a class=\"category-61\" href=\"https:\/\/medeniyyetdunyasi.az\/en\/category\/arxiv\/\" title=\"View all posts filed under Arxiv\">Arxiv<\/a>, <a class=\"category-64\" href=\"https:\/\/medeniyyetdunyasi.az\/en\/category\/esas-s%c9%99hif%c9%99\/\" title=\"View all posts filed under \u018fsas s\u0259hif\u0259\">\u018fsas s\u0259hif\u0259<\/a>, <a class=\"category-26\" href=\"https:\/\/medeniyyetdunyasi.az\/en\/category\/konfranslar\/\" title=\"View all posts filed under Konfranslar\">Konfranslar<\/a><\/li><li class=\"date\">April 20, 2026<\/li>\r\n\t\t\t<\/ul><\/div><\/li><li class=\"post\">\r\n\t\t\t<a href=\"https:\/\/medeniyyetdunyasi.az\/en\/konfranslar\/uzeyir-hacib%c9%99yli-irsi-teatr-v%c9%99-kino-kontekstind%c9%99-2\/\" title=\"THE HERITAGE OF UZEYIR HAJIBEYLI IN THE  CONTEXT OF THEATRE AND CINEMA\" class=\"post_image clearfix\"><\/a><div class=\"post_content\"><h5><a href=\"https:\/\/medeniyyetdunyasi.az\/en\/konfranslar\/uzeyir-hacib%c9%99yli-irsi-teatr-v%c9%99-kino-kontekstind%c9%99-2\/\" title=\"THE HERITAGE OF UZEYIR HAJIBEYLI IN THE  CONTEXT OF THEATRE AND CINEMA\">THE HERITAGE OF UZEYIR HAJIBEYLI IN THE  CONTEXT OF THEATRE AND CINEMA<\/a><\/h5>\r\n\t\t\t<ul class=\"post_details simple\"><li class=\"category\"><a class=\"category-60\" href=\"https:\/\/medeniyyetdunyasi.az\/en\/category\/arxiv\/2025\/\" title=\"View all posts filed under 2025\">2025<\/a>, <a class=\"category-61\" href=\"https:\/\/medeniyyetdunyasi.az\/en\/category\/arxiv\/\" title=\"View all posts filed under Arxiv\">Arxiv<\/a>, <a class=\"category-64\" href=\"https:\/\/medeniyyetdunyasi.az\/en\/category\/esas-s%c9%99hif%c9%99\/\" title=\"View all posts filed under \u018fsas s\u0259hif\u0259\">\u018fsas s\u0259hif\u0259<\/a>, <a class=\"category-26\" href=\"https:\/\/medeniyyetdunyasi.az\/en\/category\/konfranslar\/\" title=\"View all posts filed under Konfranslar\">Konfranslar<\/a><\/li><li class=\"date\">February 2, 2026<\/li>\r\n\t\t\t<\/ul><\/div><\/li><li class=\"post\">\r\n\t\t\t<a href=\"https:\/\/medeniyyetdunyasi.az\/en\/konfranslar\/uzeyir-hacib%c9%99yli-irsi-teatr-v%c9%99-kino-kontekstind%c9%99\/\" title=\"On The Heritage Of Uzeyir Hajibeyli In The Context Of Theatre And Cinema.\" class=\"post_image clearfix\"><\/a><div class=\"post_content\"><h5><a href=\"https:\/\/medeniyyetdunyasi.az\/en\/konfranslar\/uzeyir-hacib%c9%99yli-irsi-teatr-v%c9%99-kino-kontekstind%c9%99\/\" title=\"On The Heritage Of Uzeyir Hajibeyli In The Context Of Theatre And Cinema.\">On The Heritage Of Uzeyir Hajibeyli In The Context Of Theatre And Cinema.<\/a><\/h5>\r\n\t\t\t<ul class=\"post_details simple\"><li class=\"category\"><a class=\"category-60\" href=\"https:\/\/medeniyyetdunyasi.az\/en\/category\/arxiv\/2025\/\" title=\"View all posts filed under 2025\">2025<\/a>, <a class=\"category-61\" href=\"https:\/\/medeniyyetdunyasi.az\/en\/category\/arxiv\/\" title=\"View all posts filed under Arxiv\">Arxiv<\/a>, <a class=\"category-64\" href=\"https:\/\/medeniyyetdunyasi.az\/en\/category\/esas-s%c9%99hif%c9%99\/\" title=\"View all posts filed under \u018fsas s\u0259hif\u0259\">\u018fsas s\u0259hif\u0259<\/a>, <a class=\"category-26\" href=\"https:\/\/medeniyyetdunyasi.az\/en\/category\/konfranslar\/\" title=\"View all posts filed under Konfranslar\">Konfranslar<\/a><\/li><li class=\"date\">February 2, 2026<\/li>\r\n\t\t\t<\/ul><\/div><\/li><li class=\"post\">\r\n\t\t\t<a href=\"https:\/\/medeniyyetdunyasi.az\/en\/arxiv\/2025\/m%c9%99d%c9%99niyy%c9%99t-dunyasi-%e2%84%9648-2\/\" title=\"THE WORLD OF CULTURE \u2116 48\" class=\"post_image clearfix\"><\/a><div class=\"post_content\"><h5><a href=\"https:\/\/medeniyyetdunyasi.az\/en\/arxiv\/2025\/m%c9%99d%c9%99niyy%c9%99t-dunyasi-%e2%84%9648-2\/\" title=\"THE WORLD OF CULTURE \u2116 48\">THE WORLD OF CULTURE \u2116 48<\/a><\/h5>\r\n\t\t\t<ul class=\"post_details simple\"><li class=\"category\"><a class=\"category-60\" href=\"https:\/\/medeniyyetdunyasi.az\/en\/category\/arxiv\/2025\/\" title=\"View all posts filed under 2025\">2025<\/a>, <a class=\"category-61\" href=\"https:\/\/medeniyyetdunyasi.az\/en\/category\/arxiv\/\" title=\"View all posts filed under Arxiv\">Arxiv<\/a>, <a class=\"category-64\" href=\"https:\/\/medeniyyetdunyasi.az\/en\/category\/esas-s%c9%99hif%c9%99\/\" title=\"View all posts filed under \u018fsas s\u0259hif\u0259\">\u018fsas s\u0259hif\u0259<\/a><\/li><li class=\"date\">January 13, 2026<\/li>\r\n\t\t\t<\/ul><\/div><\/li><li class=\"post\">\r\n\t\t\t<a href=\"https:\/\/medeniyyetdunyasi.az\/en\/arxiv\/2025\/m%c9%99d%c9%99niyy%c9%99t-dunyasi-%e2%84%9648\/\" title=\"THE WORLD OF CULTURE \u2116 48\" class=\"post_image clearfix\"><\/a><div class=\"post_content\"><h5><a href=\"https:\/\/medeniyyetdunyasi.az\/en\/arxiv\/2025\/m%c9%99d%c9%99niyy%c9%99t-dunyasi-%e2%84%9648\/\" title=\"THE WORLD OF CULTURE \u2116 48\">THE WORLD OF CULTURE \u2116 48<\/a><\/h5>\r\n\t\t\t<ul class=\"post_details simple\"><li class=\"category\"><a class=\"category-60\" href=\"https:\/\/medeniyyetdunyasi.az\/en\/category\/arxiv\/2025\/\" title=\"View all posts filed under 2025\">2025<\/a>, <a class=\"category-61\" href=\"https:\/\/medeniyyetdunyasi.az\/en\/category\/arxiv\/\" title=\"View all posts filed under Arxiv\">Arxiv<\/a>, <a class=\"category-64\" href=\"https:\/\/medeniyyetdunyasi.az\/en\/category\/esas-s%c9%99hif%c9%99\/\" title=\"View all posts filed under \u018fsas s\u0259hif\u0259\">\u018fsas s\u0259hif\u0259<\/a><\/li><li class=\"date\">January 13, 2026<\/li>\r\n\t\t\t<\/ul><\/div><\/li><\/ul><\/div>[\/vc_column][\/vc_row]<\/p>\n<\/section>","protected":false},"excerpt":{"rendered":"<p>[vc_row][vc_column width=&#8221;1\/1&#8243;][\/vc_column][\/vc_row][vc_row top_margin=&#8221;page_margin_top&#8221;][vc_column width=&#8221;2\/3&#8243;][\/vc_column][vc_column width=&#8221;1\/3&#8243;][vc_tabs top_margin=&#8221;none&#8221; el_class=&#8221;no_scroll&#8221;][vc_tab title=&#8221;Most Read&#8221; tab_id=&#8221;sidebar-most-read&#8221;][\/vc_tab][vc_tab title=&#8221;Commented&#8221; tab_id=&#8221;sidebar-most-commented&#8221;][\/vc_tab][\/vc_tabs][\/vc_column][\/vc_row]<\/p>\n","protected":false},"author":1,"featured_media":0,"parent":0,"menu_order":0,"comment_status":"open","ping_status":"open","template":"author.php","meta":{"footnotes":""},"class_list":["post-184","page","type-page","status-publish","hentry"],"_links":{"self":[{"href":"https:\/\/medeniyyetdunyasi.az\/en\/wp-json\/wp\/v2\/pages\/184","targetHints":{"allow":["GET"]}}],"collection":[{"href":"https:\/\/medeniyyetdunyasi.az\/en\/wp-json\/wp\/v2\/pages"}],"about":[{"href":"https:\/\/medeniyyetdunyasi.az\/en\/wp-json\/wp\/v2\/types\/page"}],"author":[{"embeddable":true,"href":"https:\/\/medeniyyetdunyasi.az\/en\/wp-json\/wp\/v2\/users\/1"}],"replies":[{"embeddable":true,"href":"https:\/\/medeniyyetdunyasi.az\/en\/wp-json\/wp\/v2\/comments?post=184"}],"version-history":[{"count":0,"href":"https:\/\/medeniyyetdunyasi.az\/en\/wp-json\/wp\/v2\/pages\/184\/revisions"}],"wp:attachment":[{"href":"https:\/\/medeniyyetdunyasi.az\/en\/wp-json\/wp\/v2\/media?parent=184"}],"curies":[{"name":"wp","href":"https:\/\/api.w.org\/{rel}","templated":true}]}}